{"id":7277,"date":"2025-01-08T09:49:26","date_gmt":"2025-01-08T08:49:26","guid":{"rendered":"https:\/\/westfalia-mobil.com\/rechtliche-hinweise\/"},"modified":"2025-05-06T18:41:40","modified_gmt":"2025-05-06T16:41:40","slug":"impressum","status":"publish","type":"page","link":"https:\/\/westfalia-mobil.com\/de\/impressum\/","title":{"rendered":"Impressum"},"content":{"rendered":"<p><div class=\"fusion-fullwidth fullwidth-box fusion-builder-row-1 fusion-flex-container has-pattern-background has-mask-background nonhundred-percent-fullwidth non-hundred-percent-height-scrolling\" style=\"--awb-border-radius-top-left:0px;--awb-border-radius-top-right:0px;--awb-border-radius-bottom-right:0px;--awb-border-radius-bottom-left:0px;--awb-padding-top:250px;--awb-padding-right:5%;--awb-padding-bottom:120px;--awb-padding-left:5%;--awb-padding-top-medium:240px;--awb-padding-bottom-medium:90px;--awb-padding-top-small:100px;--awb-padding-bottom-small:60px;--awb-margin-bottom:90px;--awb-margin-bottom-small:60px;--awb-background-color:var(--awb-color4);--awb-flex-wrap:wrap;\" ><div class=\"fusion-builder-row fusion-row fusion-flex-align-items-flex-start fusion-flex-justify-content-center fusion-flex-content-wrap\" style=\"max-width:1664px;margin-left: calc(-4% \/ 2 );margin-right: calc(-4% \/ 2 );\"><div class=\"fusion-layout-column fusion_builder_column fusion-builder-column-0 fusion_builder_column_3_4 3_4 fusion-flex-column\" style=\"--awb-bg-size:cover;--awb-width-large:75%;--awb-margin-top-large:0px;--awb-spacing-right-large:2.56%;--awb-margin-bottom-large:20px;--awb-spacing-left-large:2.56%;--awb-width-medium:100%;--awb-order-medium:0;--awb-spacing-right-medium:1.92%;--awb-spacing-left-medium:1.92%;--awb-width-small:100%;--awb-order-small:0;--awb-spacing-right-small:1.92%;--awb-spacing-left-small:1.92%;\" data-scroll-devices=\"small-visibility,medium-visibility,large-visibility\"><div class=\"fusion-column-wrapper fusion-column-has-shadow fusion-flex-justify-content-flex-start fusion-content-layout-column\"><div class=\"fusion-title title fusion-title-1 fusion-sep-none fusion-title-center fusion-title-text fusion-title-size-one\" style=\"--awb-text-color:var(--awb-color1);--awb-margin-bottom:60px;--awb-margin-bottom-small:40px;\"><h1 class=\"fusion-title-heading title-heading-center\" style=\"margin:0;\">Impressum<\/h1><\/div><\/div><\/div><\/div><\/div><div id=\"partie-1\" class=\"fusion-container-anchor\"><div class=\"fusion-fullwidth fullwidth-box fusion-builder-row-2 fusion-flex-container has-pattern-background has-mask-background nonhundred-percent-fullwidth non-hundred-percent-height-scrolling\" style=\"--awb-border-radius-top-left:0px;--awb-border-radius-top-right:0px;--awb-border-radius-bottom-right:0px;--awb-border-radius-bottom-left:0px;--awb-margin-bottom-medium:90px;--awb-flex-wrap:wrap;\" ><div class=\"fusion-builder-row fusion-row fusion-flex-align-items-flex-start fusion-flex-justify-content-center fusion-flex-content-wrap\" style=\"max-width:calc( 1600px + 15px );margin-left: calc(-15px \/ 2 );margin-right: calc(-15px \/ 2 );\"><div class=\"fusion-layout-column fusion_builder_column fusion-builder-column-1 fusion_builder_column_2_3 2_3 fusion-flex-column\" style=\"--awb-bg-size:cover;--awb-width-large:66.666666666667%;--awb-margin-top-large:0px;--awb-spacing-right-large:7.5px;--awb-margin-bottom-large:20px;--awb-spacing-left-large:7.5px;--awb-width-medium:83.333333333333%;--awb-order-medium:0;--awb-spacing-right-medium:7.5px;--awb-spacing-left-medium:7.5px;--awb-width-small:100%;--awb-order-small:0;--awb-spacing-right-small:7.5px;--awb-spacing-left-small:7.5px;\" data-scroll-devices=\"small-visibility,medium-visibility,large-visibility\"><div class=\"fusion-column-wrapper fusion-column-has-shadow fusion-flex-justify-content-flex-start fusion-content-layout-column\"><div class=\"fusion-text fusion-text-1\"><section id=\"impressum\">\n<h3>Angaben gem\u00e4\u00df \u00a7 5 TMG<\/h3>\n<p><strong>Westfalia Mobil GmbH<\/strong><br \/>\nGleichenstra\u00dfe 20<br \/>\n99867 Gotha<br \/>\nDeutschland<\/p>\n<p>Telefon: +49 (0) 3621 51251-00<br \/>\nE-Mail: <a href=\"mailto:info@westfalia-mobil.com\">info@westfalia-mobil.com<\/a><br \/>\nWebsite: <a href=\"https:\/\/westfalia-mobil.com\" target=\"_blank\" rel=\"noopener\">westfalia-mobil.com<\/a><\/p>\n<p><strong>Vertretungsberechtigte Gesch\u00e4ftsf\u00fchrer:<\/strong><br \/>\nPierre Rousseau, Nicolas Rousseau, Philip Kahm, Thomas Siegert<\/p>\n<p><strong>Handelsregister:<\/strong><br \/>\nAmtsgericht Jena, HRB 513205<\/p>\n<p><strong>Umsatzsteuer-Identifikationsnummer gem\u00e4\u00df \u00a7 27a UStG:<\/strong><br \/>\nDE278547046<\/p>\n<h3>Vertragspartner (verbundenes Unternehmen)<\/h3>\n<p><strong>SAS Fleurette Constructeur<\/strong><br \/>\nRoute de Niort<br \/>\n85490 Benet<br \/>\nFrankreich<\/p>\n<p>Telefon: +33 (0) 51 00 90 86<br \/>\nE-Mail: <a href=\"mailto:contact@fleurette.fr\">contact@fleurette.fr<\/a><br \/>\nWebsite: <a href=\"https:\/\/www.fleurette.fr\" target=\"_blank\" rel=\"noopener\">www.fleurette.fr<\/a><\/p>\n<p><strong>Gesch\u00e4ftsf\u00fchrer:<\/strong><br \/>\nPierre Rousseau, Nicolas Rousseau, Micha\u00ebl Langou\u00ebt<\/p>\n<h3>Verantwortlich f\u00fcr den Inhalt gem\u00e4\u00df \u00a7 55 Abs. 2 RStV<\/h3>\n<p>Tiemo Etzold<br \/>\nAm Wilschenbruch 12<br \/>\n21337 L\u00fcneburg<br \/>\nE-Mail: <a href=\"mailto:marketing@westfalia-mobil.com\">marketing@westfalia-mobil.com<\/a><\/p>\n<p><strong>Hinweis zur inhaltlichen Verantwortung:<\/strong><br \/>\nTiemo Etzold ist ab dem 01.05.2025 f\u00fcr die redaktionellen Inhalte dieser Website verantwortlich. Inhalte, die vor diesem Datum ver\u00f6ffentlicht wurden, stammen von fr\u00fcheren Verantwortlichen. Trotz sorgf\u00e4ltiger Pr\u00fcfung \u00fcbernimmt Herr Etzold keine Haftung f\u00fcr die Richtigkeit oder Vollst\u00e4ndigkeit dieser \u00e4lteren Inhalte. Sollten Sie einen rechtlich bedenklichen Beitrag entdecken, bitten wir um einen Hinweis an <a href=\"mailto:marketing@westfalia-mobil.com\">marketing@westfalia-mobil.com<\/a>.<\/p>\n<\/section>\n<\/div><div class=\"fusion-title title fusion-title-2 fusion-sep-none fusion-title-text fusion-title-size-three\" style=\"--awb-margin-top:40px;\"><h3 class=\"fusion-title-heading title-heading-left\" style=\"margin:0;\">Host der Internetseite<\/h3><\/div><div class=\"fusion-text fusion-text-2\"><p><strong data-start=\"4080\" data-end=\"4095\">Kinsta Inc.<\/strong><br data-start=\"4095\" data-end=\"4098\" \/>8605 Santa Monica Blvd #92581<br data-start=\"4127\" data-end=\"4130\" \/>West Hollywood, CA 90069<br data-start=\"4154\" data-end=\"4157\" \/>\u00c9tats-Unis<\/p>\n<\/div><div class=\"fusion-title title fusion-title-3 fusion-sep-none fusion-title-text fusion-title-size-three\" style=\"--awb-margin-top:40px;\"><h3 class=\"fusion-title-heading title-heading-left\" style=\"margin:0;\">Konzeption und Gestaltung der Website :<\/h3><\/div><div class=\"fusion-text fusion-text-3\"><p><strong>Art-UP<\/strong><br \/>\n16 avenue des Sulkies<br \/>\n44300 nantes<br \/>\n<a href=\"http:\/\/www.art-up.fr\">www.art-up.fr<\/a><\/p>\n<\/div><div class=\"fusion-title title fusion-title-4 fusion-sep-none fusion-title-text fusion-title-size-three\" style=\"--awb-margin-top:40px;\"><h3 class=\"fusion-title-heading title-heading-left\" style=\"margin:0;\">Annahme der Nutzungsbedingungen<\/h3><\/div><div class=\"fusion-text fusion-text-4\"><p>Die Marke\u00a0<strong>WESTFALIA<\/strong>\u00a0stellt Ihnen auf dieser Website Informationen, Dokumente und verschiedene Dienstleistungen zur Verf\u00fcgung, die den in diesem Dokument dargelegten Bestimmungen und Bedingungen unterliegen (die \u201eNutzungsbedingungen\u201c). Indem Sie auf diese Website zugreifen, erkl\u00e4ren Sie sich mit den Nutzungsbedingungen einverstanden.<\/p>\n<p>Die Marke\u00a0<strong>WESTFALIA\u00a0<\/strong>beh\u00e4lt sich das Recht vor, die Nutzungsbedingungen von Zeit zu Zeit nach eigenem Ermessen zu \u00e4ndern. Ihre Nutzung der Website unterliegt der aktuellsten Version der Nutzungsbedingungen, die zum Zeitpunkt der Nutzung auf der Website ver\u00f6ffentlicht sind. Dar\u00fcber hinaus unterliegen Sie bei der Nutzung der Dienste den auf der Website ver\u00f6ffentlichten und f\u00fcr diese geltenden Richtlinien oder Regeln, die Bedingungen enthalten k\u00f6nnen, die zus\u00e4tzlich zu den Nutzungsbedingungen gelten. Alle diese Richtlinien oder Regeln werden im Folgenden durch Verweis in die Nutzungsbedingungen aufgenommen. Die Nichteinhaltung einer der Nutzungsbedingungen beendet automatisch Ihre Erlaubnis zur Nutzung dieser Website.<\/p>\n<\/div><div class=\"fusion-title title fusion-title-5 fusion-sep-none fusion-title-text fusion-title-size-three\" style=\"--awb-margin-top:40px;--awb-margin-top-small:40px;\"><h3 class=\"fusion-title-heading title-heading-left\" style=\"margin:0;\">Urheberrechte<\/h3><\/div><div class=\"fusion-text fusion-text-5\"><p>Die Informationen, Dokumente und Dienstleistungen auf dieser Website sind durch Urheberrechtsgesetze und\/oder Gesetze zum Schutz des geistigen Eigentums gesch\u00fctzt. Jede nicht autorisierte Nutzung dieser kann eine Verletzung dieser Gesetze darstellen.<\/p>\n<p>Sofern nicht ausdr\u00fccklich in diesem Dokument vorgesehen, darf kein Teil der Informationen und Dokumente der Website in irgendeiner Form und mit irgendwelchen Mitteln ohne die vorherige schriftliche Genehmigung der Marke\u00a0<strong>WESTFALIA<\/strong>\u00a0reproduziert werden.<\/p>\n<\/div><div class=\"fusion-title title fusion-title-6 fusion-sep-none fusion-title-text fusion-title-size-three\" style=\"--awb-margin-top:40px;\"><h3 class=\"fusion-title-heading title-heading-left\" style=\"margin:0;\">Nutzung der Informationen auf der Website<\/h3><\/div><div class=\"fusion-text fusion-text-6\"><p>Sofern an anderer Stelle auf der Website nichts anderes angegeben ist, d\u00fcrfen Sie die auf der Website verf\u00fcgbaren Dokumente und Informationen unter den folgenden Bedingungen einsehen, herunterladen und ausdrucken:<\/p>\n<ul>\n<li>Die Dokumente d\u00fcrfen nur f\u00fcr pers\u00f6nliche Zwecke, zu Informationszwecken, intern und nicht gewinnorientiert verwendet werden.<\/li>\n<li>Die Dokumente und Informationen d\u00fcrfen nicht in irgendeiner Weise ver\u00e4ndert werden.<\/li>\n<li>Die Dokumente und Informationen der Website d\u00fcrfen nicht verbreitet werden.<\/li>\n<li>Sie d\u00fcrfen Urheberrechte und andere Eigentumshinweise, die in den Dokumenten und Informationen enthalten sind, unter keinen Umst\u00e4nden entfernen.<\/li>\n<li>Die Marke\u00a0<strong>WESTFALIA<\/strong>\u00a0beh\u00e4lt sich das Recht vor, die Berechtigung zum Betrachten, Herunterladen und Ausdrucken der Dokumente und Informationen auf der Website jederzeit zu widerrufen. Jede Nutzung der oben genannten Rechte muss auf schriftliche Mitteilung der Marke\u00a0<strong>WESTFALIA<\/strong>\u00a0sofort eingestellt werden.<\/li>\n<li>Die Ihnen gew\u00e4hrten Rechte stellen eine Lizenz und keine \u00dcbertragung von Eigentum dar.<\/li>\n<\/ul>\n<p>Die oben genannten Rechte in Bezug auf das Ansehen, Herunterladen und Drucken der auf der Website angebotenen Dokumente und Informationen gelten nicht f\u00fcr die Gestaltung oder das Layout der Website.<\/p>\n<\/div><div class=\"fusion-title title fusion-title-7 fusion-sep-none fusion-title-text fusion-title-size-three\" style=\"--awb-margin-top:40px;\"><h3 class=\"fusion-title-heading title-heading-left\" style=\"margin:0;\">EU-Streitschlichtung<\/h3><\/div><div class=\"fusion-text fusion-text-7\"><p>Die Europ\u00e4ische Kommission stellt eine Plattform zur Online-Streitbeilegung (OS) bereit:\u00a0<a href=\"https:\/\/ec.europa.eu\/consumers\/odr\/\">https:\/\/ec.europa.eu\/consumers\/odr\/<\/a>.<br \/>\nUnsere E-Mail-Adresse finden Sie oben im Impressum.<\/p>\n<p><strong>Verbraucher\u00adstreit\u00adbeilegung\/Universal\u00adschlichtungs\u00adstelle<\/strong><\/p>\n<p>Wir sind nicht bereit oder verpflichtet, an Streitbeilegungsverfahren vor einer Verbraucherschlichtungsstelle teilzunehmen.<\/p>\n<\/div><div class=\"fusion-title title fusion-title-8 fusion-sep-none fusion-title-text fusion-title-size-three\" style=\"--awb-margin-top:40px;\"><h3 class=\"fusion-title-heading title-heading-left\" style=\"margin:0;\">RECHT AUF VERGESSENWERDEN<\/h3><\/div><div class=\"fusion-text fusion-text-8\"><p>F\u00fcllen Sie das folgende Formular aus, um die L\u00f6schung Ihrer personenbezogenen Daten zu beantragen :<\/p>\n<\/div><div class=\"fusion-text fusion-text-9\"><style id=\"wpforms-css-vars-8252\">\n\t\t\t\t#wpforms-8252 {\n\t\t\t\t\n\t\t\t}\n\t\t\t<\/style><div class=\"wpforms-container wpforms-container-full wpforms-render-modern\" id=\"wpforms-8252\"><form id=\"wpforms-form-8252\" class=\"wpforms-validate wpforms-form wpforms-ajax-form\" data-formid=\"8252\" method=\"post\" enctype=\"multipart\/form-data\" action=\"\/de\/wp-json\/wp\/v2\/pages\/7277\" data-token=\"9cd4656bacecc8b1c5b70180fec31e24\" data-token-time=\"1775794192\"><noscript class=\"wpforms-error-noscript\">Bitte aktiviere JavaScript in deinem Browser, um dieses Formular fertigzustellen.<\/noscript><div id=\"wpforms-error-noscript\" style=\"display: none;\">Bitte aktiviere JavaScript in deinem Browser, um dieses Formular fertigzustellen.<\/div><div class=\"wpforms-field-container\"><div id=\"wpforms-8252-field_1-container\" class=\"wpforms-field wpforms-field-name\" data-field-id=\"1\"><fieldset><legend class=\"wpforms-field-label\">Name und Vorname <span class=\"wpforms-required-label\" aria-hidden=\"true\">*<\/span><\/legend><div class=\"wpforms-field-row wpforms-field-large\"><div class=\"wpforms-field-row-block wpforms-first wpforms-one-half\"><input type=\"text\" id=\"wpforms-8252-field_1\" class=\"wpforms-field-name-first wpforms-field-required\" name=\"wpforms[fields][1][first]\" aria-errormessage=\"wpforms-8252-field_1-error\" required><label for=\"wpforms-8252-field_1\" class=\"wpforms-field-sublabel after wpforms-sublabel-hide\">Pr\u00e9nom<\/label><\/div><div class=\"wpforms-field-row-block wpforms-one-half\"><input type=\"text\" id=\"wpforms-8252-field_1-last\" class=\"wpforms-field-name-last wpforms-field-required\" name=\"wpforms[fields][1][last]\" aria-errormessage=\"wpforms-8252-field_1-last-error\" required><label for=\"wpforms-8252-field_1-last\" class=\"wpforms-field-sublabel after wpforms-sublabel-hide\">Nom<\/label><\/div><\/div><\/fieldset><\/div>\t\t<div id=\"wpforms-8252-field_3-container\"\n\t\t\tclass=\"wpforms-field wpforms-field-text\"\n\t\t\tdata-field-type=\"text\"\n\t\t\tdata-field-id=\"3\"\n\t\t\t>\n\t\t\t<label class=\"wpforms-field-label\" for=\"wpforms-8252-field_3\" >Email und Name<\/label>\n\t\t\t<input type=\"text\" id=\"wpforms-8252-field_3\" class=\"wpforms-field-medium\" name=\"wpforms[fields][3]\" >\n\t\t<\/div>\n\t\t<div id=\"wpforms-8252-field_2-container\" class=\"wpforms-field wpforms-field-email\" data-field-id=\"2\"><label class=\"wpforms-field-label\" for=\"wpforms-8252-field_2\">Email <span class=\"wpforms-required-label\" aria-hidden=\"true\">*<\/span><\/label><input type=\"email\" id=\"wpforms-8252-field_2\" class=\"wpforms-field-large wpforms-field-required\" name=\"wpforms[fields][2]\" spellcheck=\"false\" aria-errormessage=\"wpforms-8252-field_2-error\" required><\/div><script>\n\t\t\t\t( function() {\n\t\t\t\t\tconst style = document.createElement( 'style' );\n\t\t\t\t\tstyle.appendChild( document.createTextNode( '#wpforms-8252-field_3-container { position: absolute !important; overflow: hidden !important; display: inline !important; height: 1px !important; width: 1px !important; z-index: -1000 !important; padding: 0 !important; } #wpforms-8252-field_3-container input { visibility: hidden; } #wpforms-conversational-form-page #wpforms-8252-field_3-container label { counter-increment: none; }' ) );\n\t\t\t\t\tdocument.head.appendChild( style );\n\t\t\t\t\tdocument.currentScript?.remove();\n\t\t\t\t} )();\n\t\t\t<\/script><\/div><!-- .wpforms-field-container --><div class=\"wpforms-submit-container\" ><input type=\"hidden\" name=\"wpforms[id]\" value=\"8252\"><input type=\"hidden\" name=\"page_title\" value=\"\"><input type=\"hidden\" name=\"page_url\" value=\"https:\/\/westfalia-mobil.com\/de\/wp-json\/wp\/v2\/pages\/7277\"><input type=\"hidden\" name=\"url_referer\" value=\"\"><button type=\"submit\" name=\"wpforms[submit]\" id=\"wpforms-submit-8252\" class=\"wpforms-submit\" data-alt-text=\"Send...\" data-submit-text=\"Meine Daten l\u00f6schen\" aria-live=\"assertive\" value=\"wpforms-submit\">Meine Daten l\u00f6schen<\/button><img decoding=\"async\" src=\"https:\/\/westfalia-mobil.com\/wp-content\/plugins\/wpforms\/assets\/images\/submit-spin.svg\" class=\"wpforms-submit-spinner\" style=\"display: none;\" width=\"26\" height=\"26\" alt=\"Wird geladen\"><\/div><\/form><\/div>  <!-- .wpforms-container -->\n<\/div><\/div><\/div><\/div><\/div><\/div><\/p>\n","protected":false},"excerpt":{"rendered":"","protected":false},"author":1,"featured_media":0,"parent":0,"menu_order":0,"comment_status":"closed","ping_status":"closed","template":"100-width.php","meta":{"_acf_changed":false,"footnotes":""},"class_list":["post-7277","page","type-page","status-publish","hentry"],"acf":[],"yoast_head":"<!-- This site is optimized with the Yoast SEO plugin v26.9 - https:\/\/yoast.com\/product\/yoast-seo-wordpress\/ -->\n<title>Impressum - Westfalia, der historische Entwickler des Premium CamperVans und Kastenwagen<\/title>\n<meta name=\"robots\" content=\"index, follow, max-snippet:-1, max-image-preview:large, max-video-preview:-1\" \/>\n<link rel=\"canonical\" href=\"https:\/\/westfalia-mobil.com\/de\/impressum\/\" \/>\n<meta property=\"og:locale\" content=\"de_DE\" \/>\n<meta property=\"og:type\" content=\"article\" \/>\n<meta property=\"og:title\" content=\"Impressum - Westfalia, der historische Entwickler des Premium CamperVans und Kastenwagen\" \/>\n<meta property=\"og:url\" content=\"https:\/\/westfalia-mobil.com\/de\/impressum\/\" \/>\n<meta property=\"og:site_name\" content=\"Westfalia, der historische Entwickler des Premium CamperVans und Kastenwagen\" \/>\n<meta property=\"article:publisher\" content=\"https:\/\/www.facebook.com\/westfaliafrance\/\" \/>\n<meta property=\"article:modified_time\" content=\"2025-05-06T16:41:40+00:00\" \/>\n<meta name=\"twitter:card\" content=\"summary_large_image\" \/>\n<meta name=\"twitter:label1\" content=\"Gesch\u00e4tzte Lesezeit\" \/>\n\t<meta name=\"twitter:data1\" content=\"4\u00a0Minuten\" \/>\n<script type=\"application\/ld+json\" class=\"yoast-schema-graph\">{\"@context\":\"https:\/\/schema.org\",\"@graph\":[{\"@type\":\"WebPage\",\"@id\":\"https:\/\/westfalia-mobil.com\/de\/impressum\/\",\"url\":\"https:\/\/westfalia-mobil.com\/de\/impressum\/\",\"name\":\"Impressum - Westfalia, der historische Entwickler des Premium CamperVans und Kastenwagen\",\"isPartOf\":{\"@id\":\"https:\/\/westfalia-mobil.com\/de\/#website\"},\"datePublished\":\"2025-01-08T08:49:26+00:00\",\"dateModified\":\"2025-05-06T16:41:40+00:00\",\"breadcrumb\":{\"@id\":\"https:\/\/westfalia-mobil.com\/de\/impressum\/#breadcrumb\"},\"inLanguage\":\"de\",\"potentialAction\":[{\"@type\":\"ReadAction\",\"target\":[\"https:\/\/westfalia-mobil.com\/de\/impressum\/\"]}]},{\"@type\":\"BreadcrumbList\",\"@id\":\"https:\/\/westfalia-mobil.com\/de\/impressum\/#breadcrumb\",\"itemListElement\":[{\"@type\":\"ListItem\",\"position\":1,\"name\":\"Accueil\",\"item\":\"https:\/\/westfalia-mobil.com\/de\/\"},{\"@type\":\"ListItem\",\"position\":2,\"name\":\"Impressum\"}]},{\"@type\":\"WebSite\",\"@id\":\"https:\/\/westfalia-mobil.com\/de\/#website\",\"url\":\"https:\/\/westfalia-mobil.com\/de\/\",\"name\":\"Westfalia, le concepteur historique du van et fourgon am\u00e9nag\u00e9 haut de gamme\",\"description\":\"\",\"publisher\":{\"@id\":\"https:\/\/westfalia-mobil.com\/de\/#organization\"},\"potentialAction\":[{\"@type\":\"SearchAction\",\"target\":{\"@type\":\"EntryPoint\",\"urlTemplate\":\"https:\/\/westfalia-mobil.com\/de\/?s={search_term_string}\"},\"query-input\":{\"@type\":\"PropertyValueSpecification\",\"valueRequired\":true,\"valueName\":\"search_term_string\"}}],\"inLanguage\":\"de\"},{\"@type\":\"Organization\",\"@id\":\"https:\/\/westfalia-mobil.com\/de\/#organization\",\"name\":\"Westfalia\",\"url\":\"https:\/\/westfalia-mobil.com\/de\/\",\"logo\":{\"@type\":\"ImageObject\",\"inLanguage\":\"de\",\"@id\":\"https:\/\/westfalia-mobil.com\/de\/#\/schema\/logo\/image\/\",\"url\":\"https:\/\/westfalia-mobil.com\/wp-content\/uploads\/2024\/06\/logo-westfalia-carre.png\",\"contentUrl\":\"https:\/\/westfalia-mobil.com\/wp-content\/uploads\/2024\/06\/logo-westfalia-carre.png\",\"width\":224,\"height\":224,\"caption\":\"Westfalia\"},\"image\":{\"@id\":\"https:\/\/westfalia-mobil.com\/de\/#\/schema\/logo\/image\/\"},\"sameAs\":[\"https:\/\/www.facebook.com\/westfaliafrance\/\",\"https:\/\/www.instagram.com\/westfaliafr\/\"]}]}<\/script>\n<!-- \/ Yoast SEO plugin. -->","yoast_head_json":{"title":"Impressum - Westfalia, der historische Entwickler des Premium CamperVans und Kastenwagen","robots":{"index":"index","follow":"follow","max-snippet":"max-snippet:-1","max-image-preview":"max-image-preview:large","max-video-preview":"max-video-preview:-1"},"canonical":"https:\/\/westfalia-mobil.com\/de\/impressum\/","og_locale":"de_DE","og_type":"article","og_title":"Impressum - Westfalia, der historische Entwickler des Premium CamperVans und Kastenwagen","og_url":"https:\/\/westfalia-mobil.com\/de\/impressum\/","og_site_name":"Westfalia, der historische Entwickler des Premium CamperVans und Kastenwagen","article_publisher":"https:\/\/www.facebook.com\/westfaliafrance\/","article_modified_time":"2025-05-06T16:41:40+00:00","twitter_card":"summary_large_image","twitter_misc":{"Gesch\u00e4tzte Lesezeit":"4\u00a0Minuten"},"schema":{"@context":"https:\/\/schema.org","@graph":[{"@type":"WebPage","@id":"https:\/\/westfalia-mobil.com\/de\/impressum\/","url":"https:\/\/westfalia-mobil.com\/de\/impressum\/","name":"Impressum - Westfalia, der historische Entwickler des Premium CamperVans und Kastenwagen","isPartOf":{"@id":"https:\/\/westfalia-mobil.com\/de\/#website"},"datePublished":"2025-01-08T08:49:26+00:00","dateModified":"2025-05-06T16:41:40+00:00","breadcrumb":{"@id":"https:\/\/westfalia-mobil.com\/de\/impressum\/#breadcrumb"},"inLanguage":"de","potentialAction":[{"@type":"ReadAction","target":["https:\/\/westfalia-mobil.com\/de\/impressum\/"]}]},{"@type":"BreadcrumbList","@id":"https:\/\/westfalia-mobil.com\/de\/impressum\/#breadcrumb","itemListElement":[{"@type":"ListItem","position":1,"name":"Accueil","item":"https:\/\/westfalia-mobil.com\/de\/"},{"@type":"ListItem","position":2,"name":"Impressum"}]},{"@type":"WebSite","@id":"https:\/\/westfalia-mobil.com\/de\/#website","url":"https:\/\/westfalia-mobil.com\/de\/","name":"Westfalia, le concepteur historique du van et fourgon am\u00e9nag\u00e9 haut de gamme","description":"","publisher":{"@id":"https:\/\/westfalia-mobil.com\/de\/#organization"},"potentialAction":[{"@type":"SearchAction","target":{"@type":"EntryPoint","urlTemplate":"https:\/\/westfalia-mobil.com\/de\/?s={search_term_string}"},"query-input":{"@type":"PropertyValueSpecification","valueRequired":true,"valueName":"search_term_string"}}],"inLanguage":"de"},{"@type":"Organization","@id":"https:\/\/westfalia-mobil.com\/de\/#organization","name":"Westfalia","url":"https:\/\/westfalia-mobil.com\/de\/","logo":{"@type":"ImageObject","inLanguage":"de","@id":"https:\/\/westfalia-mobil.com\/de\/#\/schema\/logo\/image\/","url":"https:\/\/westfalia-mobil.com\/wp-content\/uploads\/2024\/06\/logo-westfalia-carre.png","contentUrl":"https:\/\/westfalia-mobil.com\/wp-content\/uploads\/2024\/06\/logo-westfalia-carre.png","width":224,"height":224,"caption":"Westfalia"},"image":{"@id":"https:\/\/westfalia-mobil.com\/de\/#\/schema\/logo\/image\/"},"sameAs":["https:\/\/www.facebook.com\/westfaliafrance\/","https:\/\/www.instagram.com\/westfaliafr\/"]}]}},"_links":{"self":[{"href":"https:\/\/westfalia-mobil.com\/de\/wp-json\/wp\/v2\/pages\/7277","targetHints":{"allow":["GET"]}}],"collection":[{"href":"https:\/\/westfalia-mobil.com\/de\/wp-json\/wp\/v2\/pages"}],"about":[{"href":"https:\/\/westfalia-mobil.com\/de\/wp-json\/wp\/v2\/types\/page"}],"author":[{"embeddable":true,"href":"https:\/\/westfalia-mobil.com\/de\/wp-json\/wp\/v2\/users\/1"}],"replies":[{"embeddable":true,"href":"https:\/\/westfalia-mobil.com\/de\/wp-json\/wp\/v2\/comments?post=7277"}],"version-history":[{"count":12,"href":"https:\/\/westfalia-mobil.com\/de\/wp-json\/wp\/v2\/pages\/7277\/revisions"}],"predecessor-version":[{"id":11541,"href":"https:\/\/westfalia-mobil.com\/de\/wp-json\/wp\/v2\/pages\/7277\/revisions\/11541"}],"wp:attachment":[{"href":"https:\/\/westfalia-mobil.com\/de\/wp-json\/wp\/v2\/media?parent=7277"}],"curies":[{"name":"wp","href":"https:\/\/api.w.org\/{rel}","templated":true}]}}