{"id":14607,"date":"2026-03-11T18:06:49","date_gmt":"2026-03-11T17:06:49","guid":{"rendered":"https:\/\/westfalia-mobil.com\/?page_id=14607"},"modified":"2026-03-26T11:57:19","modified_gmt":"2026-03-26T10:57:19","slug":"jobs","status":"publish","type":"page","link":"https:\/\/westfalia-mobil.com\/de\/jobs\/","title":{"rendered":"Jobs"},"content":{"rendered":"<p><div class=\"fusion-fullwidth fullwidth-box fusion-builder-row-1 fusion-flex-container has-pattern-background has-mask-background fusion-parallax-none nonhundred-percent-fullwidth non-hundred-percent-height-scrolling degrade-header-80\" style=\"--awb-border-radius-top-left:0px;--awb-border-radius-top-right:0px;--awb-border-radius-bottom-right:0px;--awb-border-radius-bottom-left:0px;--awb-padding-top:280px;--awb-padding-right:5%;--awb-padding-bottom:190px;--awb-padding-left:5%;--awb-padding-top-medium:240px;--awb-padding-bottom-medium:90px;--awb-padding-top-small:100px;--awb-padding-bottom-small:40px;--awb-margin-bottom:0px;--awb-margin-bottom-medium:0px;--awb-margin-bottom-small:0px;--awb-background-color:var(--awb-color4);--awb-background-image:url(&quot;https:\/\/westfalia-mobil.com\/wp-content\/uploads\/2025\/03\/header-4.jpg&quot;);--awb-background-size:cover;--awb-flex-wrap:wrap;\" ><div class=\"fusion-builder-row fusion-row fusion-flex-align-items-flex-start fusion-flex-justify-content-center fusion-flex-content-wrap\" style=\"max-width:1664px;margin-left: calc(-4% \/ 2 );margin-right: calc(-4% \/ 2 );\"><div class=\"fusion-layout-column fusion_builder_column fusion-builder-column-0 fusion_builder_column_2_3 2_3 fusion-flex-column\" style=\"--awb-bg-size:cover;--awb-width-large:66.666666666667%;--awb-margin-top-large:0px;--awb-spacing-right-large:2.88%;--awb-margin-bottom-large:20px;--awb-spacing-left-large:2.88%;--awb-width-medium:66.666666666667%;--awb-order-medium:0;--awb-spacing-right-medium:2.88%;--awb-spacing-left-medium:2.88%;--awb-width-small:100%;--awb-order-small:0;--awb-spacing-right-small:1.92%;--awb-spacing-left-small:1.92%;\"><div class=\"fusion-column-wrapper fusion-column-has-shadow fusion-flex-justify-content-flex-start fusion-content-layout-column\"><div class=\"fusion-title title fusion-title-1 fusion-sep-none fusion-title-center fusion-title-text fusion-title-size-one\" style=\"--awb-text-color:var(--awb-color1);--awb-margin-bottom:40px;--awb-margin-bottom-small:40px;\"><h1 class=\"fusion-title-heading title-heading-center\" style=\"margin:0;\">Aktuelle Stellenangebote der Westfalia Mobil GmbH Gotha<\/h1><\/div><\/div><\/div><\/div><\/div><div class=\"fusion-fullwidth fullwidth-box fusion-builder-row-2 fusion-flex-container has-pattern-background has-mask-background nonhundred-percent-fullwidth non-hundred-percent-height-scrolling\" style=\"--awb-border-radius-top-left:0px;--awb-border-radius-top-right:0px;--awb-border-radius-bottom-right:0px;--awb-border-radius-bottom-left:0px;--awb-padding-top:40px;--awb-padding-right-small:20px;--awb-padding-left-small:20px;--awb-margin-top:40px;--awb-margin-bottom:0px;--awb-flex-wrap:wrap;\" ><div class=\"fusion-builder-row fusion-row fusion-flex-align-items-flex-start fusion-flex-justify-content-center fusion-flex-content-wrap\" style=\"max-width:calc( 1600px + 20px );margin-left: calc(-20px \/ 2 );margin-right: calc(-20px \/ 2 );\"><div class=\"fusion-layout-column fusion_builder_column fusion-builder-column-1 fusion_builder_column_4_5 4_5 fusion-flex-column\" style=\"--awb-padding-top:120px;--awb-padding-right:120px;--awb-padding-bottom:120px;--awb-padding-left:120px;--awb-padding-top-medium:90px;--awb-padding-right-medium:50px;--awb-padding-bottom-medium:90px;--awb-padding-left-medium:50px;--awb-padding-top-small:70px;--awb-padding-right-small:30px;--awb-padding-bottom-small:70px;--awb-padding-left-small:30px;--awb-bg-color:var(--awb-color1);--awb-bg-color-hover:var(--awb-color1);--awb-bg-image:url(&#039;https:\/\/westfalia-mobil.com\/wp-content\/uploads\/2024\/08\/rosace-westfalia-coupe-g.png&#039;);--awb-bg-size:330px;--awb-bg-size-small:230px;--awb-width-large:80%;--awb-margin-top-large:0px;--awb-spacing-right-large:10px;--awb-margin-bottom-large:20px;--awb-spacing-left-large:10px;--awb-width-medium:80%;--awb-order-medium:0;--awb-spacing-right-medium:10px;--awb-spacing-left-medium:10px;--awb-width-small:100%;--awb-order-small:0;--awb-spacing-right-small:10px;--awb-spacing-left-small:10px;\" data-scroll-devices=\"small-visibility,medium-visibility,large-visibility\"><div class=\"fusion-column-wrapper fusion-column-has-shadow fusion-flex-justify-content-flex-start fusion-content-layout-column fusion-column-has-bg-image\" data-bg-url=\"https:\/\/westfalia-mobil.com\/wp-content\/uploads\/2024\/08\/rosace-westfalia-coupe-g.png\"><div class=\"fusion-text fusion-text-1\"><h2>Hier finden Sie unsere aktuellen Stellenangebote:<\/h2>\n<\/div><div style=\"text-align:left;\"><a class=\"fusion-button button-flat fusion-button-default-size button-custom fusion-button-default button-1 fusion-button-span-no fusion-button-default-type btn-w-outline\" style=\"--button_accent_color:var(--awb-color4);--button_accent_hover_color:var(--awb-color4);--button_border_hover_color:var(--awb-color1);--button_border_width-top:0;--button_border_width-right:0;--button_border_width-bottom:0;--button_border_width-left:0;--button-border-radius-top-left:0;--button-border-radius-top-right:0;--button-border-radius-bottom-right:0;--button-border-radius-bottom-left:0;--button_gradient_top_color:rgba(255,255,255,0);--button_gradient_bottom_color:rgba(255,255,255,0);--button_gradient_top_color_hover:rgba(36,44,121,0);--button_gradient_bottom_color_hover:rgba(36,44,121,0);--button_text_transform:var(--awb-custom_typography_2-text-transform);--button_font_size:var(--awb-custom_typography_2-font-size);--button_line_height:var(--awb-custom_typography_2-line-height);--button_padding-top:0px;--button_padding-right:0px;--button_padding-bottom:0px;--button_padding-left:0px;--button_typography-letter-spacing:var(--awb-custom_typography_2-letter-spacing);--button_typography-font-family:var(--awb-custom_typography_2-font-family);--button_typography-font-weight:var(--awb-custom_typography_2-font-weight);--button_typography-font-style:var(--awb-custom_typography_2-font-style);--button_margin-top:0px;--button_margin-right:0px;--button_margin-bottom:0px;--button_margin-left:0px;\" target=\"_blank\" rel=\"noopener noreferrer\" data-hover=\"icon_slide\" href=\"https:\/\/westfalia-mobil.com\/wp-content\/uploads\/2026\/03\/Lagerist_03.26.pdf\" id=\"btn_poids\"><span class=\"fusion-button-text awb-button__text awb-button__text--default\">Lagerist (m\/w\/d)<\/span><i class=\"icon-icon-btn awb-button__icon awb-button__icon--default button-icon-right\" aria-hidden=\"true\"><\/i><\/a><\/div><div style=\"text-align:left;\"><a class=\"fusion-button button-flat fusion-button-default-size button-custom fusion-button-default button-2 fusion-button-span-no fusion-button-default-type btn-w-outline\" style=\"--button_accent_color:var(--awb-color4);--button_accent_hover_color:var(--awb-color4);--button_border_hover_color:var(--awb-color1);--button_border_width-top:0;--button_border_width-right:0;--button_border_width-bottom:0;--button_border_width-left:0;--button-border-radius-top-left:0;--button-border-radius-top-right:0;--button-border-radius-bottom-right:0;--button-border-radius-bottom-left:0;--button_gradient_top_color:rgba(255,255,255,0);--button_gradient_bottom_color:rgba(255,255,255,0);--button_gradient_top_color_hover:rgba(36,44,121,0);--button_gradient_bottom_color_hover:rgba(36,44,121,0);--button_text_transform:var(--awb-custom_typography_2-text-transform);--button_font_size:var(--awb-custom_typography_2-font-size);--button_line_height:var(--awb-custom_typography_2-line-height);--button_padding-top:0px;--button_padding-right:0px;--button_padding-bottom:0px;--button_padding-left:0px;--button_typography-letter-spacing:var(--awb-custom_typography_2-letter-spacing);--button_typography-font-family:var(--awb-custom_typography_2-font-family);--button_typography-font-weight:var(--awb-custom_typography_2-font-weight);--button_typography-font-style:var(--awb-custom_typography_2-font-style);--button_margin-top:0px;--button_margin-right:0px;--button_margin-bottom:0px;--button_margin-left:0px;\" target=\"_blank\" rel=\"noopener noreferrer\" data-hover=\"icon_slide\" href=\"https:\/\/westfalia-mobil.com\/wp-content\/uploads\/2026\/03\/Ausbildung_Fachlagerist_03026.pdf\" id=\"btn_poids\"><span class=\"fusion-button-text awb-button__text awb-button__text--default\">Ausbildung Fachlagerist (m\/w\/d)<\/span><i class=\"icon-icon-btn awb-button__icon awb-button__icon--default button-icon-right\" aria-hidden=\"true\"><\/i><\/a><\/div><div style=\"text-align:left;\"><a class=\"fusion-button button-flat fusion-button-default-size button-custom fusion-button-default button-3 fusion-button-span-no fusion-button-default-type btn-w-outline\" style=\"--button_accent_color:var(--awb-color4);--button_accent_hover_color:var(--awb-color4);--button_border_hover_color:var(--awb-color1);--button_border_width-top:0;--button_border_width-right:0;--button_border_width-bottom:0;--button_border_width-left:0;--button-border-radius-top-left:0;--button-border-radius-top-right:0;--button-border-radius-bottom-right:0;--button-border-radius-bottom-left:0;--button_gradient_top_color:rgba(255,255,255,0);--button_gradient_bottom_color:rgba(255,255,255,0);--button_gradient_top_color_hover:rgba(36,44,121,0);--button_gradient_bottom_color_hover:rgba(36,44,121,0);--button_text_transform:var(--awb-custom_typography_2-text-transform);--button_font_size:var(--awb-custom_typography_2-font-size);--button_line_height:var(--awb-custom_typography_2-line-height);--button_padding-top:0px;--button_padding-right:0px;--button_padding-bottom:0px;--button_padding-left:0px;--button_typography-letter-spacing:var(--awb-custom_typography_2-letter-spacing);--button_typography-font-family:var(--awb-custom_typography_2-font-family);--button_typography-font-weight:var(--awb-custom_typography_2-font-weight);--button_typography-font-style:var(--awb-custom_typography_2-font-style);--button_margin-top:0px;--button_margin-right:0px;--button_margin-bottom:0px;--button_margin-left:0px;\" target=\"_blank\" rel=\"noopener noreferrer\" data-hover=\"icon_slide\" href=\"https:\/\/westfalia-mobil.com\/wp-content\/uploads\/2026\/03\/Konstrukteur_11.25-1.pdf\" id=\"btn_poids\"><span class=\"fusion-button-text awb-button__text awb-button__text--default\">Konstrukteur \/ Entwickler (m\/w\/d)<\/span><i class=\"icon-icon-btn awb-button__icon awb-button__icon--default button-icon-right\" aria-hidden=\"true\"><\/i><\/a><\/div><div style=\"text-align:left;\"><a class=\"fusion-button button-flat fusion-button-default-size button-custom fusion-button-default button-4 fusion-button-span-no fusion-button-default-type btn-w-outline\" style=\"--button_accent_color:var(--awb-color4);--button_accent_hover_color:var(--awb-color4);--button_border_hover_color:var(--awb-color1);--button_border_width-top:0;--button_border_width-right:0;--button_border_width-bottom:0;--button_border_width-left:0;--button-border-radius-top-left:0;--button-border-radius-top-right:0;--button-border-radius-bottom-right:0;--button-border-radius-bottom-left:0;--button_gradient_top_color:rgba(255,255,255,0);--button_gradient_bottom_color:rgba(255,255,255,0);--button_gradient_top_color_hover:rgba(36,44,121,0);--button_gradient_bottom_color_hover:rgba(36,44,121,0);--button_text_transform:var(--awb-custom_typography_2-text-transform);--button_font_size:var(--awb-custom_typography_2-font-size);--button_line_height:var(--awb-custom_typography_2-line-height);--button_padding-top:0px;--button_padding-right:0px;--button_padding-bottom:0px;--button_padding-left:0px;--button_typography-letter-spacing:var(--awb-custom_typography_2-letter-spacing);--button_typography-font-family:var(--awb-custom_typography_2-font-family);--button_typography-font-weight:var(--awb-custom_typography_2-font-weight);--button_typography-font-style:var(--awb-custom_typography_2-font-style);--button_margin-top:0px;--button_margin-right:0px;--button_margin-bottom:0px;--button_margin-left:0px;\" target=\"_blank\" rel=\"noopener noreferrer\" data-hover=\"icon_slide\" href=\"https:\/\/westfalia-mobil.com\/wp-content\/uploads\/2026\/03\/Produktdesigner_11.25-1.pdf\" id=\"btn_poids\"><span class=\"fusion-button-text awb-button__text awb-button__text--default\">Produktdesigner \/ Techn.Zeichner \/ CAD-Planer (m\/w\/d)<\/span><i class=\"icon-icon-btn awb-button__icon awb-button__icon--default button-icon-right\" aria-hidden=\"true\"><\/i><\/a><\/div><div class=\"fusion-text fusion-text-2\" style=\"--awb-margin-top:60px;\"><p>Bitte richten Sie Ihre aussagekr\u00e4ftigen Bewerbungsunterlagen inkl. Verf\u00fcgbarkeit und Gehaltsvorstellung an die Personalabteilung, online unter <strong><a href=\"mailto:bewerbung@westfalia-mobil.com?subject=Bewerbung \u00fcber Westfalia Webseite\">bewerbung@westfalia-mobil.com<\/a>.<\/strong> Bitte beachten Sie, dass wir ausschlie\u00dflich Online- Bewerbungen \u00fcber die o.g. Email ber\u00fccksichtigen. Bewerbungen per Post k\u00f6nnen nicht verarbeitet und in unseren Bewerbungsprozess aufgenommen werden. Originalunterlagen werden nicht zur\u00fcckgeschickt.<\/p>\n<p>Wir freuen uns auf Ihre Bewerbung. Werden Sie Mitglied in unserem Team.<\/p>\n<\/div><div class=\"sm-text-align-left\" style=\"text-align:center;\"><a class=\"fusion-button button-flat fusion-button-default-size button-custom fusion-button-default button-5 fusion-button-span-yes fusion-button-default-type btn-light\" style=\"--button_accent_color:var(--awb-color4);--button_border_color:var(--awb-color4);--button_accent_hover_color:var(--awb-color1);--button_border_hover_color:var(--awb-color5);--button_border_width-top:1px;--button_border_width-right:1px;--button_border_width-bottom:1px;--button_border_width-left:1px;--button-border-radius-top-left:0;--button-border-radius-top-right:0;--button-border-radius-bottom-right:0;--button-border-radius-bottom-left:0;--button_gradient_top_color:rgba(255,255,255,0);--button_gradient_bottom_color:rgba(255,255,255,0);--button_gradient_top_color_hover:var(--awb-color5);--button_gradient_bottom_color_hover:var(--awb-color5);--button_text_transform:var(--awb-custom_typography_2-text-transform);--button_font_size:var(--awb-custom_typography_2-font-size);--button_line_height:var(--awb-custom_typography_2-line-height);--button_padding-top:10px;--button_padding-right:30px;--button_padding-bottom:10px;--button_padding-left:30px;--button_typography-letter-spacing:var(--awb-custom_typography_2-letter-spacing);--button_typography-font-family:var(--awb-custom_typography_2-font-family);--button_typography-font-weight:var(--awb-custom_typography_2-font-weight);--button_typography-font-style:var(--awb-custom_typography_2-font-style);--button_margin-top:50px;--button_margin-right:0px;--button_margin-bottom:0px;--button_margin-left:0px;width:calc(100% - 0px - 0px);\" target=\"_self\" data-hover=\"icon_slide\" href=\"mailto:bewerbung@westfalia-mobil.com?subject=Bewerbung \u00fcber Westfalia Webseite\"><span class=\"fusion-button-text awb-button__text awb-button__text--default\">Jetzt bewerben<\/span><i class=\"icon-icon-btn awb-button__icon awb-button__icon--default button-icon-right\" aria-hidden=\"true\"><\/i><\/a><\/div><\/div><\/div><\/div><\/div><\/p>\n","protected":false},"excerpt":{"rendered":"","protected":false},"author":8,"featured_media":0,"parent":0,"menu_order":0,"comment_status":"closed","ping_status":"closed","template":"100-width.php","meta":{"_acf_changed":false,"footnotes":""},"class_list":["post-14607","page","type-page","status-publish","hentry"],"acf":[],"yoast_head":"<!-- This site is optimized with the Yoast SEO plugin v26.9 - https:\/\/yoast.com\/product\/yoast-seo-wordpress\/ -->\n<title>Jobs - Westfalia, der historische Entwickler des Premium CamperVans und Kastenwagen<\/title>\n<meta name=\"robots\" content=\"index, follow, max-snippet:-1, max-image-preview:large, max-video-preview:-1\" \/>\n<link rel=\"canonical\" href=\"https:\/\/westfalia-mobil.com\/de\/jobs\/\" \/>\n<meta property=\"og:locale\" content=\"de_DE\" \/>\n<meta property=\"og:type\" content=\"article\" \/>\n<meta property=\"og:title\" content=\"Jobs - Westfalia, der historische Entwickler des Premium CamperVans und Kastenwagen\" \/>\n<meta property=\"og:url\" content=\"https:\/\/westfalia-mobil.com\/de\/jobs\/\" \/>\n<meta property=\"og:site_name\" content=\"Westfalia, der historische Entwickler des Premium CamperVans und Kastenwagen\" \/>\n<meta property=\"article:publisher\" content=\"https:\/\/www.facebook.com\/westfaliafrance\/\" \/>\n<meta property=\"article:modified_time\" content=\"2026-03-26T10:57:19+00:00\" \/>\n<meta name=\"twitter:card\" content=\"summary_large_image\" \/>\n<meta name=\"twitter:label1\" content=\"Gesch\u00e4tzte Lesezeit\" \/>\n\t<meta name=\"twitter:data1\" content=\"1\u00a0Minute\" \/>\n<script type=\"application\/ld+json\" class=\"yoast-schema-graph\">{\"@context\":\"https:\/\/schema.org\",\"@graph\":[{\"@type\":\"WebPage\",\"@id\":\"https:\/\/westfalia-mobil.com\/de\/jobs\/\",\"url\":\"https:\/\/westfalia-mobil.com\/de\/jobs\/\",\"name\":\"Jobs - Westfalia, der historische Entwickler des Premium CamperVans und Kastenwagen\",\"isPartOf\":{\"@id\":\"https:\/\/westfalia-mobil.com\/de\/#website\"},\"datePublished\":\"2026-03-11T17:06:49+00:00\",\"dateModified\":\"2026-03-26T10:57:19+00:00\",\"breadcrumb\":{\"@id\":\"https:\/\/westfalia-mobil.com\/de\/jobs\/#breadcrumb\"},\"inLanguage\":\"de\",\"potentialAction\":[{\"@type\":\"ReadAction\",\"target\":[\"https:\/\/westfalia-mobil.com\/de\/jobs\/\"]}]},{\"@type\":\"BreadcrumbList\",\"@id\":\"https:\/\/westfalia-mobil.com\/de\/jobs\/#breadcrumb\",\"itemListElement\":[{\"@type\":\"ListItem\",\"position\":1,\"name\":\"Accueil\",\"item\":\"https:\/\/westfalia-mobil.com\/de\/\"},{\"@type\":\"ListItem\",\"position\":2,\"name\":\"Jobs\"}]},{\"@type\":\"WebSite\",\"@id\":\"https:\/\/westfalia-mobil.com\/de\/#website\",\"url\":\"https:\/\/westfalia-mobil.com\/de\/\",\"name\":\"Westfalia, le concepteur historique du van et fourgon am\u00e9nag\u00e9 haut de gamme\",\"description\":\"\",\"publisher\":{\"@id\":\"https:\/\/westfalia-mobil.com\/de\/#organization\"},\"potentialAction\":[{\"@type\":\"SearchAction\",\"target\":{\"@type\":\"EntryPoint\",\"urlTemplate\":\"https:\/\/westfalia-mobil.com\/de\/?s={search_term_string}\"},\"query-input\":{\"@type\":\"PropertyValueSpecification\",\"valueRequired\":true,\"valueName\":\"search_term_string\"}}],\"inLanguage\":\"de\"},{\"@type\":\"Organization\",\"@id\":\"https:\/\/westfalia-mobil.com\/de\/#organization\",\"name\":\"Westfalia\",\"url\":\"https:\/\/westfalia-mobil.com\/de\/\",\"logo\":{\"@type\":\"ImageObject\",\"inLanguage\":\"de\",\"@id\":\"https:\/\/westfalia-mobil.com\/de\/#\/schema\/logo\/image\/\",\"url\":\"https:\/\/westfalia-mobil.com\/wp-content\/uploads\/2024\/06\/logo-westfalia-carre.png\",\"contentUrl\":\"https:\/\/westfalia-mobil.com\/wp-content\/uploads\/2024\/06\/logo-westfalia-carre.png\",\"width\":224,\"height\":224,\"caption\":\"Westfalia\"},\"image\":{\"@id\":\"https:\/\/westfalia-mobil.com\/de\/#\/schema\/logo\/image\/\"},\"sameAs\":[\"https:\/\/www.facebook.com\/westfaliafrance\/\",\"https:\/\/www.instagram.com\/westfaliafr\/\"]}]}<\/script>\n<!-- \/ Yoast SEO plugin. -->","yoast_head_json":{"title":"Jobs - Westfalia, der historische Entwickler des Premium CamperVans und Kastenwagen","robots":{"index":"index","follow":"follow","max-snippet":"max-snippet:-1","max-image-preview":"max-image-preview:large","max-video-preview":"max-video-preview:-1"},"canonical":"https:\/\/westfalia-mobil.com\/de\/jobs\/","og_locale":"de_DE","og_type":"article","og_title":"Jobs - Westfalia, der historische Entwickler des Premium CamperVans und Kastenwagen","og_url":"https:\/\/westfalia-mobil.com\/de\/jobs\/","og_site_name":"Westfalia, der historische Entwickler des Premium CamperVans und Kastenwagen","article_publisher":"https:\/\/www.facebook.com\/westfaliafrance\/","article_modified_time":"2026-03-26T10:57:19+00:00","twitter_card":"summary_large_image","twitter_misc":{"Gesch\u00e4tzte Lesezeit":"1\u00a0Minute"},"schema":{"@context":"https:\/\/schema.org","@graph":[{"@type":"WebPage","@id":"https:\/\/westfalia-mobil.com\/de\/jobs\/","url":"https:\/\/westfalia-mobil.com\/de\/jobs\/","name":"Jobs - Westfalia, der historische Entwickler des Premium CamperVans und Kastenwagen","isPartOf":{"@id":"https:\/\/westfalia-mobil.com\/de\/#website"},"datePublished":"2026-03-11T17:06:49+00:00","dateModified":"2026-03-26T10:57:19+00:00","breadcrumb":{"@id":"https:\/\/westfalia-mobil.com\/de\/jobs\/#breadcrumb"},"inLanguage":"de","potentialAction":[{"@type":"ReadAction","target":["https:\/\/westfalia-mobil.com\/de\/jobs\/"]}]},{"@type":"BreadcrumbList","@id":"https:\/\/westfalia-mobil.com\/de\/jobs\/#breadcrumb","itemListElement":[{"@type":"ListItem","position":1,"name":"Accueil","item":"https:\/\/westfalia-mobil.com\/de\/"},{"@type":"ListItem","position":2,"name":"Jobs"}]},{"@type":"WebSite","@id":"https:\/\/westfalia-mobil.com\/de\/#website","url":"https:\/\/westfalia-mobil.com\/de\/","name":"Westfalia, le concepteur historique du van et fourgon am\u00e9nag\u00e9 haut de gamme","description":"","publisher":{"@id":"https:\/\/westfalia-mobil.com\/de\/#organization"},"potentialAction":[{"@type":"SearchAction","target":{"@type":"EntryPoint","urlTemplate":"https:\/\/westfalia-mobil.com\/de\/?s={search_term_string}"},"query-input":{"@type":"PropertyValueSpecification","valueRequired":true,"valueName":"search_term_string"}}],"inLanguage":"de"},{"@type":"Organization","@id":"https:\/\/westfalia-mobil.com\/de\/#organization","name":"Westfalia","url":"https:\/\/westfalia-mobil.com\/de\/","logo":{"@type":"ImageObject","inLanguage":"de","@id":"https:\/\/westfalia-mobil.com\/de\/#\/schema\/logo\/image\/","url":"https:\/\/westfalia-mobil.com\/wp-content\/uploads\/2024\/06\/logo-westfalia-carre.png","contentUrl":"https:\/\/westfalia-mobil.com\/wp-content\/uploads\/2024\/06\/logo-westfalia-carre.png","width":224,"height":224,"caption":"Westfalia"},"image":{"@id":"https:\/\/westfalia-mobil.com\/de\/#\/schema\/logo\/image\/"},"sameAs":["https:\/\/www.facebook.com\/westfaliafrance\/","https:\/\/www.instagram.com\/westfaliafr\/"]}]}},"_links":{"self":[{"href":"https:\/\/westfalia-mobil.com\/de\/wp-json\/wp\/v2\/pages\/14607","targetHints":{"allow":["GET"]}}],"collection":[{"href":"https:\/\/westfalia-mobil.com\/de\/wp-json\/wp\/v2\/pages"}],"about":[{"href":"https:\/\/westfalia-mobil.com\/de\/wp-json\/wp\/v2\/types\/page"}],"author":[{"embeddable":true,"href":"https:\/\/westfalia-mobil.com\/de\/wp-json\/wp\/v2\/users\/8"}],"replies":[{"embeddable":true,"href":"https:\/\/westfalia-mobil.com\/de\/wp-json\/wp\/v2\/comments?post=14607"}],"version-history":[{"count":10,"href":"https:\/\/westfalia-mobil.com\/de\/wp-json\/wp\/v2\/pages\/14607\/revisions"}],"predecessor-version":[{"id":15050,"href":"https:\/\/westfalia-mobil.com\/de\/wp-json\/wp\/v2\/pages\/14607\/revisions\/15050"}],"wp:attachment":[{"href":"https:\/\/westfalia-mobil.com\/de\/wp-json\/wp\/v2\/media?parent=14607"}],"curies":[{"name":"wp","href":"https:\/\/api.w.org\/{rel}","templated":true}]}}