{"id":13966,"date":"2025-11-26T16:54:21","date_gmt":"2025-11-26T15:54:21","guid":{"rendered":"https:\/\/westfalia-mobil.com\/?page_id=13966"},"modified":"2025-11-26T17:15:58","modified_gmt":"2025-11-26T16:15:58","slug":"impressum-informationen-zu-gewichten","status":"publish","type":"page","link":"https:\/\/westfalia-mobil.com\/de\/impressum-informationen-zu-gewichten\/","title":{"rendered":"Impressum &#8211; Informationen zu Gewichten"},"content":{"rendered":"<p><div class=\"fusion-fullwidth fullwidth-box fusion-builder-row-1 fusion-flex-container has-pattern-background has-mask-background nonhundred-percent-fullwidth non-hundred-percent-height-scrolling\" style=\"--awb-border-radius-top-left:0px;--awb-border-radius-top-right:0px;--awb-border-radius-bottom-right:0px;--awb-border-radius-bottom-left:0px;--awb-padding-top:250px;--awb-padding-right:5%;--awb-padding-bottom:120px;--awb-padding-left:5%;--awb-padding-top-medium:240px;--awb-padding-bottom-medium:90px;--awb-padding-top-small:100px;--awb-padding-bottom-small:60px;--awb-margin-bottom:90px;--awb-margin-bottom-small:60px;--awb-background-color:var(--awb-color4);--awb-flex-wrap:wrap;\" ><div class=\"fusion-builder-row fusion-row fusion-flex-align-items-flex-start fusion-flex-justify-content-center fusion-flex-content-wrap\" style=\"max-width:1664px;margin-left: calc(-4% \/ 2 );margin-right: calc(-4% \/ 2 );\"><div class=\"fusion-layout-column fusion_builder_column fusion-builder-column-0 fusion_builder_column_3_4 3_4 fusion-flex-column\" style=\"--awb-bg-size:cover;--awb-width-large:75%;--awb-margin-top-large:0px;--awb-spacing-right-large:2.56%;--awb-margin-bottom-large:20px;--awb-spacing-left-large:2.56%;--awb-width-medium:100%;--awb-order-medium:0;--awb-spacing-right-medium:1.92%;--awb-spacing-left-medium:1.92%;--awb-width-small:100%;--awb-order-small:0;--awb-spacing-right-small:1.92%;--awb-spacing-left-small:1.92%;\" data-scroll-devices=\"small-visibility,medium-visibility,large-visibility\"><div class=\"fusion-column-wrapper fusion-column-has-shadow fusion-flex-justify-content-flex-start fusion-content-layout-column\"><div class=\"fusion-title title fusion-title-1 fusion-sep-none fusion-title-center fusion-title-text fusion-title-size-one\" style=\"--awb-text-color:var(--awb-color1);--awb-margin-bottom:60px;--awb-margin-bottom-small:40px;\"><h1 class=\"fusion-title-heading title-heading-center\" style=\"margin:0;\">Informationen zu Gewichten<\/h1><\/div><\/div><\/div><\/div><\/div><div id=\"partie-1\" class=\"fusion-container-anchor\"><div class=\"fusion-fullwidth fullwidth-box fusion-builder-row-2 fusion-flex-container has-pattern-background has-mask-background nonhundred-percent-fullwidth non-hundred-percent-height-scrolling\" style=\"--awb-border-radius-top-left:0px;--awb-border-radius-top-right:0px;--awb-border-radius-bottom-right:0px;--awb-border-radius-bottom-left:0px;--awb-margin-bottom:0px;--awb-margin-bottom-medium:0px;--awb-margin-bottom-small:0px;--awb-flex-wrap:wrap;\" ><div class=\"fusion-builder-row fusion-row fusion-flex-align-items-flex-start fusion-flex-justify-content-center fusion-flex-content-wrap\" style=\"max-width:calc( 1600px + 15px );margin-left: calc(-15px \/ 2 );margin-right: calc(-15px \/ 2 );\"><div class=\"fusion-layout-column fusion_builder_column fusion-builder-column-1 fusion_builder_column_2_3 2_3 fusion-flex-column\" style=\"--awb-bg-size:cover;--awb-width-large:66.666666666667%;--awb-margin-top-large:0px;--awb-spacing-right-large:7.5px;--awb-margin-bottom-large:20px;--awb-spacing-left-large:7.5px;--awb-width-medium:83.333333333333%;--awb-order-medium:0;--awb-spacing-right-medium:7.5px;--awb-spacing-left-medium:7.5px;--awb-width-small:100%;--awb-order-small:0;--awb-spacing-right-small:7.5px;--awb-spacing-left-small:7.5px;\" data-scroll-devices=\"small-visibility,medium-visibility,large-visibility\"><div class=\"fusion-column-wrapper fusion-column-has-shadow fusion-flex-justify-content-flex-start fusion-content-layout-column\"><div class=\"fusion-title title fusion-title-2 fusion-sep-none fusion-title-text fusion-title-size-three\" style=\"--awb-margin-top:40px;\"><h3 class=\"fusion-title-heading title-heading-left\" style=\"margin:0;\">Rechtlicher Hinweis zu Gewichtsangaben gem\u00e4\u00df EU-Durchf\u00fchrungsverordnung Nr. 2021\/535<\/h3><\/div><div class=\"fusion-text fusion-text-1\"><p>Gem\u00e4\u00df der <strong>EU-Durchf\u00fchrungsverordnung Nr. 2021\/535<\/strong> ist die Westfalia Mobil GmbH verpflichtet, vollst\u00e4ndige und verst\u00e4ndliche Informationen zu gewichtsrelevanten Fahrzeugdaten bereitzustellen. Die folgenden Erl\u00e4uterungen sollen Ihnen als Kunde helfen, die Auswirkungen von Ausstattung, Beladung und gesetzlicher Vorgaben besser zu verstehen.<\/p>\n<\/div><div class=\"fusion-text fusion-text-2\"><h3><strong>1. Begriffsdefinitionen gem\u00e4\u00df Verordnung (EU) 2021\/535<\/strong><\/h3>\n<p><strong>Masse des Fahrzeugs in fahrbereitem Zustand<\/strong><\/p>\n<p>Die \u201eMasse in fahrbereitem Zustand\u201c umfasst:<\/p>\n<ul>\n<li>das Leergewicht des ausgebauten Fahrzeugs in Serienausstattung (ohne Optionen\/Extras),<\/li>\n<li>eine Person (Fahrer) mit 75 kg, (ein nach EU Verordnung festgelegter Pauschalwert)<\/li>\n<li>gef\u00fcllter Kraftstofftank (90 %),<\/li>\n<li>Frischwasser zu 100 % des Tankvolumens, (unsere Fahrstellung enth\u00e4lt 10L Frischwasser)<\/li>\n<li>Gasbeh\u00e4lter (inkl. Gasflasche) gef\u00fcllt zu 100 %,<\/li>\n<li>alle notwendigen Betriebsstoffe wie \u00d6l, AdBlue usw.<\/li>\n<\/ul>\n<p>Diese Masse bildet die Ausgangsbasis f\u00fcr die Berechnung der Zuladung und Nutzlast.<\/p>\n<p>Die Masse im fahrbereiten Zustand kann in einem Serienprozess (Zulieferteile, Klebstoffmengen etc.) schwanken, hierf\u00fcr betr\u00e4gt die gesetzlich zul\u00e4ssige\u00a0Toleranz\u00a0\u00b1 5 %. <br \/>Wir versuchen im Serienprozess diese Spanne nicht auszunutzen, daher werden in der Regel die Extremwerte der Toleranz nicht erreicht werden.<\/p>\n<p>Das reale Gewicht des Fahrzeugs sowie die Einhaltung der zul\u00e4ssigen\u00a0Toleranz\u00a0wird von Westfalia stets durch Wiegung jedes Fahrzeugs am\u00a0Bandende \u00fcberpr\u00fcft.<\/p>\n<p><strong>Technisch zul\u00e4ssige Gesamtmasse <\/strong><\/p>\n<p>Dies ist die vom Fahrzeughersteller festgelegte maximal zul\u00e4ssige Gesamtmasse (z.B. 3500 kg) des Fahrzeugs einschlie\u00dflich aller Insassen, Sonderausstattungen, Gep\u00e4ck, Zubeh\u00f6r und Fl\u00fcssigkeiten. Diese Angabe finden Sie in den technischen Daten zu Ihrem Modell und in Ihren Fahrzeugpapieren. (CoC, ZBI)<\/p>\n<p>Beachten Sie bitte, dass eine \u00dcberschreitung einen Versto\u00df gegen die jeweils geltenden Stra\u00dfenverkehrsvorschriften darstellt.<\/p>\n<p><strong>Masse der Mitfahrer<\/strong><\/p>\n<p>Die Masse der Mitfahrer wird pauschal mit 75 kg pro zugelassenen Sitzplatz berechnet \u2013 unabh\u00e4ngig vom tats\u00e4chlichen Gewicht der Personen. Diese Annahme basiert auf der EU-Vorgabe und dient der Vereinheitlichung der Fahrzeugbewertung.<\/p>\n<p>F\u00fcr den Fahrer sind die 75kg bereits in der Masse im fahrbereiten Zustand enthalten. Jeder weitere Passagier wird jeweils mit den festgelegten 75kg angesetzt \u2013 so betr\u00e4gt z.B. bei einem Campervan mit 4 Sitzpl\u00e4tzen die Masse der Mitfahrer 3*75kg = 225kg.<\/p>\n<p><strong>Masse der Sonderausstattung<\/strong><\/p>\n<p>Dies sind alle Sonderausstattungen, die nicht im Serienumfang des betreffenden Modells enthalten sind. Es sind somit s\u00e4mtliche ab Werk gew\u00e4hlte Sonderausstattungen wie zum Beispiel spezielle Pakete, Markise, Anh\u00e4ngerkupplung, Solaranlage, Sat-Anlage, M\u00f6belerweiterungen, Zusatzbatterien etc. Diese erh\u00f6hen das Leergewicht des Fahrzeugs. Sie reduzieren damit direkt die verf\u00fcgbare Nutzlast.<\/p>\n<p>Sie finden die Angaben der Gewichtsver\u00e4nderungen unserer Sonderausstattungen in unseren Verkaufsunterlagen.<\/p>\n<p>Achtung: nicht in den Gewichtskalkulationen ab Werk und ihren Fahrzeugpapieren enthalten sind durch Sie oder Ihren H\u00e4ndler eingebrachte zus\u00e4tzliche Ausr\u00fcstungsgegenst\u00e4nde oder Zubeh\u00f6r, wenn auch dieses zus\u00e4tzliche Gewicht einbringt.<\/p>\n<p><strong>Tats\u00e4chliche Masse<\/strong><\/p>\n<p>Die Masse des Fahrzeugs in fahrbereitem Zustand und die Masse der an einem konkreten Fahrzeug werkseitig verbauten Sonderausstattung werden zusammen als <strong>tats\u00e4chliche Masse<\/strong> bezeichnet. Die entsprechende Angabe finden Sie f\u00fcr Ihr Fahrzeug nach \u00dcbergabe unter Ziffer 13.2 der \u00dcbereinstimmungsbescheinigung (Certificate of Conformity, CoC).<\/p>\n<p>Diese Angabe wird bei Westfalia individuell aus den Wiegedaten des Fahrzeugs am Bandende ermittelt.<\/p>\n<h3><strong>2. Nutzlast und Mindestnutzlast <\/strong><\/h3>\n<p><strong>Nutzlast<\/strong><\/p>\n<p>Die Nutzlast ergibt sich rechnerisch wie folgt:<\/p>\n<p><strong>Nutzlast = Technisch zul\u00e4ssige Gesamtmasse \u2013 Masse in fahrbereitem Zustand \u2013 Masse der Sonderausstattung \u2013 Masse der Mitfahrer<\/strong><\/p>\n<p>Die EU-Verordnung sieht f\u00fcr Reisemobile eine feste Mindestnutzlast vor, die f\u00fcr Gep\u00e4ck oder sonstiges, nicht werkseitig verbautes Zubeh\u00f6r mindestens verbleiben muss.<\/p>\n<p><strong>Mindestnutzlast<\/strong><\/p>\n<p>Diese Mindestnutzlast berechnet sich wie folgt:<\/p>\n<p>Mindestnutzlast in kg \u2265 10 * (n + L)<\/p>\n<p>Dabei gilt: \u201en\u201c = H\u00f6chstzahl der Mitfahrer zuz\u00fcglich des Fahrers und \u201eL\u201c = Gesamtl\u00e4nge des Fahrzeugs in Metern. Bei einem Campingbus mit einer L\u00e4nge von 5,4 m und 4 zugelassenen Sitzen betr\u00e4gt die Mindestnutzlast also 10 kg * (4 + 5,4) = 94 kg.<\/p>\n<p>Mindestnutzlast ist verpflichtend und schr\u00e4nkt somit die maximal zul\u00e4ssige Masse der Sonderausstattung ein. Dies nochmals anhand eines Beispiels veranschaulicht:<\/p>\n<p>Westfalia Columbus 540D<\/p>\n<p>\u00a0\u00a0 3.500 kg\u00a0\u00a0\u00a0\u00a0\u00a0\u00a0 technisch zul\u00e4ssige Gesamtmasse<\/p>\n<p>&#8211; 2.830 kg \u00a0\u00a0\u00a0\u00a0\u00a0 Masse in fahrbereitem Zustand<\/p>\n<p>&#8211; 3 * 75kg \u00a0\u00a0\u00a0\u00a0\u00a0 Masse der Mitfahrer<\/p>\n<p>&#8211; 94kg \u00a0\u00a0\u00a0\u00a0\u00a0\u00a0\u00a0\u00a0\u00a0\u00a0\u00a0 Mindestnutzlast<\/p>\n<p>= 351kg \u00a0\u00a0\u00a0\u00a0\u00a0\u00a0\u00a0\u00a0 maximal zul\u00e4ssige Masse an w\u00e4hlbarer Sonderausstattung<\/p>\n<p>Sollten Sie f\u00fcr Ihre Nutzung h\u00f6here Nutzlasten ben\u00f6tigen, so muss die Wahl an Sonderausstattungen dahingehend eingeschr\u00e4nkt werden. Alternativ besteht die M\u00f6glichkeit eine andere zul\u00e4ssige Gesamtmasse zu w\u00e4hlen, falls dies als Option angeboten wird oder aber die Anzahl an Sitzpl\u00e4tzen zu reduzieren, falls nicht alle ben\u00f6tigt werden.<\/p>\n<p>Beachten Sie bitte auch, dass gerade in der Masse im fahrbereiten Zustand Toleranzen auftreten k\u00f6nnen, sodass ein theoretischer Wert in der Praxistoleranz \u00fcberschritten werden kann.<\/p>\n<p>Sollte es nach Wiegung am Bandende in seltenen F\u00e4llen dazu kommen, dass die Mindestnutzlast nicht eingehalten werden kann, wird Westfalia vor Auslieferung des Fahrzeugs gemeinsam mit Ihrem Handelspartner und Ihnen pr\u00fcfen, ob bspw. das Fahrzeug aufgelastet wird, Sitzpl\u00e4tze reduziert werden oder Sonderausstattung herausgenommen werden m\u00fcssen.<\/p>\n<h3><strong>3. Beispielrechnungen zur Veranschaulichung<\/strong><\/h3>\n<p><strong>Beispiel 1: <\/strong>Westfalia Columbus 540D<\/p>\n<p>\u00a0\u00a0 3.500 kg\u00a0\u00a0\u00a0\u00a0\u00a0\u00a0 technisch zul\u00e4ssige Gesamtmasse<\/p>\n<p>&#8211; 2.830 kg \u00a0\u00a0\u00a0\u00a0\u00a0 Masse in fahrbereitem Zustand<\/p>\n<p>&#8211; 3 * 75kg \u00a0\u00a0\u00a0\u00a0\u00a0 Masse der Mitfahrer<\/p>\n<p>&#8211; 200kg \u00a0\u00a0\u00a0\u00a0\u00a0\u00a0\u00a0\u00a0\u00a0 ab Werk bestellte Sonderausstattung des individuellen Fahrzeugs<\/p>\n<p>= 245 kg \u00a0\u00a0\u00a0\u00a0\u00a0\u00a0\u00a0 tats\u00e4chliche verbleibende normative Zuladungsm\u00f6glichkeit<\/p>\n<p>Check:\u00a0\u00a0\u00a0\u00a0\u00a0\u00a0\u00a0\u00a0\u00a0\u00a0\u00a0 <strong>Mindestnutzlast: <\/strong>\u2192 94<strong> kg<\/strong> \u2705 erf\u00fcllt<\/p>\n<p>\u00a0<\/p>\n<p><strong>Beispiel 2: <\/strong>Westfalia Columbus 640E<\/p>\n<p>\u00a0\u00a0 3.500 kg\u00a0\u00a0\u00a0\u00a0\u00a0\u00a0 technisch zul\u00e4ssige Gesamtmasse<\/p>\n<p>&#8211; 3.050 kg \u00a0\u00a0\u00a0\u00a0\u00a0 Masse in fahrbereitem Zustand<\/p>\n<p>&#8211; 3 * 75kg \u00a0\u00a0\u00a0\u00a0\u00a0 Masse der Mitfahrer (4 Sitzpl\u00e4tze)<\/p>\n<p>&#8211; 120kg \u00a0\u00a0\u00a0\u00a0\u00a0\u00a0\u00a0\u00a0\u00a0 ab Werk bestellte Sonderausstattung des individuellen Fahrzeugs<\/p>\n<p>= 105 kg\u00a0\u00a0\u00a0\u00a0\u00a0\u00a0\u00a0\u00a0 tats\u00e4chliche verbleibende normative Zuladungsm\u00f6glichkeit<\/p>\n<p>Check:\u00a0\u00a0\u00a0\u00a0\u00a0\u00a0\u00a0\u00a0\u00a0\u00a0\u00a0 <strong>Mindestnutzlast: <\/strong>\u2192 104 <strong>kg<\/strong> \u2705 erf\u00fcllt (10kg * (6,4+4))<\/p>\n<p>Am Beispiel 2 ist die Grenze der normativen Mindestnutzlast quasi erreicht. Sollte dieser Wert am Bandende best\u00e4tigt werden, so kann das Fahrzeug so zugelassen werden. Falls im Rahmen der Fertigungstoleranz ein solcher Wert \u00fcberschritten w\u00fcrde, werden mit Ihnen und Ihrem Handelspartner Ma\u00dfnahmen besprochen, sodass das Fahrzeug aufgelastet wird, Sitzpl\u00e4tze reduziert werden oder Sonderausstattung herausgenommen wird.<\/p>\n<h3><strong>4. Wichtige Hinweise und Empfehlungen<\/strong><\/h3>\n<p>Um sicherzugehen, dass die errechnete\u00a0Nutzlast\u00a0tats\u00e4chlich gegeben ist, sollten Sie bei der Konfiguration Ihres Fahrzeugs daher vorsorglich die m\u00f6glichen und zul\u00e4ssigen\u00a0Toleranzen\u00a0bei der\u00a0Masse in fahrbereitem Zustand\u00a0einkalkulieren.<\/p>\n<p>Wir empfehlen zudem, das beladene\u00a0Reisemobil\u00a0vor jeder Reise auf einer zertifizierten Fahrzeugwaage zu wiegen und unter Beachtung des individuellen Gewichts der\u00a0Fahrg\u00e4ste und Ihrer pers\u00f6nlichen Ausr\u00fcstung\u00a0zu bestimmen, ob das\u00a0technisch zul\u00e4ssige Gesamtgewicht\u00a0und die\u00a0technisch zul\u00e4ssige Gesamtmasse auf der Achse eingehalten sind.\u00a0<\/p>\n<p><strong>Kontakt<\/strong><\/p>\n<p>F\u00fcr Fragen zur Gewichtskonfiguration oder zur Auswahl einer zulassungsoptimierten Ausstattung wenden Sie sich gerne an Ihren Westfalia-Fachh\u00e4ndler oder den technischen Kundenservice der <strong>Westfalia Mobil GmbH<\/strong>.<\/p>\n<\/div><\/div><\/div><\/div><\/div><\/div><\/p>\n","protected":false},"excerpt":{"rendered":"","protected":false},"author":1,"featured_media":0,"parent":0,"menu_order":0,"comment_status":"closed","ping_status":"closed","template":"100-width.php","meta":{"_acf_changed":false,"footnotes":""},"class_list":["post-13966","page","type-page","status-publish","hentry"],"acf":[],"yoast_head":"<!-- This site is optimized with the Yoast SEO plugin v26.9 - https:\/\/yoast.com\/product\/yoast-seo-wordpress\/ -->\n<title>Impressum - Informationen zu Gewichten - Westfalia, der historische Entwickler des Premium CamperVans und Kastenwagen<\/title>\n<meta name=\"robots\" content=\"index, follow, max-snippet:-1, max-image-preview:large, max-video-preview:-1\" \/>\n<link rel=\"canonical\" href=\"https:\/\/westfalia-mobil.com\/de\/impressum-informationen-zu-gewichten\/\" \/>\n<meta property=\"og:locale\" content=\"de_DE\" \/>\n<meta property=\"og:type\" content=\"article\" \/>\n<meta property=\"og:title\" content=\"Impressum - Informationen zu Gewichten - Westfalia, der historische Entwickler des Premium CamperVans und Kastenwagen\" \/>\n<meta property=\"og:url\" content=\"https:\/\/westfalia-mobil.com\/de\/impressum-informationen-zu-gewichten\/\" \/>\n<meta property=\"og:site_name\" content=\"Westfalia, der historische Entwickler des Premium CamperVans und Kastenwagen\" \/>\n<meta property=\"article:publisher\" content=\"https:\/\/www.facebook.com\/westfaliafrance\/\" \/>\n<meta property=\"article:modified_time\" content=\"2025-11-26T16:15:58+00:00\" \/>\n<meta name=\"twitter:card\" content=\"summary_large_image\" \/>\n<meta name=\"twitter:label1\" content=\"Gesch\u00e4tzte Lesezeit\" \/>\n\t<meta name=\"twitter:data1\" content=\"6\u00a0Minuten\" \/>\n<script type=\"application\/ld+json\" class=\"yoast-schema-graph\">{\"@context\":\"https:\/\/schema.org\",\"@graph\":[{\"@type\":\"WebPage\",\"@id\":\"https:\/\/westfalia-mobil.com\/de\/impressum-informationen-zu-gewichten\/\",\"url\":\"https:\/\/westfalia-mobil.com\/de\/impressum-informationen-zu-gewichten\/\",\"name\":\"Impressum - Informationen zu Gewichten - Westfalia, der historische Entwickler des Premium CamperVans und Kastenwagen\",\"isPartOf\":{\"@id\":\"https:\/\/westfalia-mobil.com\/de\/#website\"},\"datePublished\":\"2025-11-26T15:54:21+00:00\",\"dateModified\":\"2025-11-26T16:15:58+00:00\",\"breadcrumb\":{\"@id\":\"https:\/\/westfalia-mobil.com\/de\/impressum-informationen-zu-gewichten\/#breadcrumb\"},\"inLanguage\":\"de\",\"potentialAction\":[{\"@type\":\"ReadAction\",\"target\":[\"https:\/\/westfalia-mobil.com\/de\/impressum-informationen-zu-gewichten\/\"]}]},{\"@type\":\"BreadcrumbList\",\"@id\":\"https:\/\/westfalia-mobil.com\/de\/impressum-informationen-zu-gewichten\/#breadcrumb\",\"itemListElement\":[{\"@type\":\"ListItem\",\"position\":1,\"name\":\"Accueil\",\"item\":\"https:\/\/westfalia-mobil.com\/de\/\"},{\"@type\":\"ListItem\",\"position\":2,\"name\":\"Impressum &#8211; Informationen zu Gewichten\"}]},{\"@type\":\"WebSite\",\"@id\":\"https:\/\/westfalia-mobil.com\/de\/#website\",\"url\":\"https:\/\/westfalia-mobil.com\/de\/\",\"name\":\"Westfalia, le concepteur historique du van et fourgon am\u00e9nag\u00e9 haut de gamme\",\"description\":\"\",\"publisher\":{\"@id\":\"https:\/\/westfalia-mobil.com\/de\/#organization\"},\"potentialAction\":[{\"@type\":\"SearchAction\",\"target\":{\"@type\":\"EntryPoint\",\"urlTemplate\":\"https:\/\/westfalia-mobil.com\/de\/?s={search_term_string}\"},\"query-input\":{\"@type\":\"PropertyValueSpecification\",\"valueRequired\":true,\"valueName\":\"search_term_string\"}}],\"inLanguage\":\"de\"},{\"@type\":\"Organization\",\"@id\":\"https:\/\/westfalia-mobil.com\/de\/#organization\",\"name\":\"Westfalia\",\"url\":\"https:\/\/westfalia-mobil.com\/de\/\",\"logo\":{\"@type\":\"ImageObject\",\"inLanguage\":\"de\",\"@id\":\"https:\/\/westfalia-mobil.com\/de\/#\/schema\/logo\/image\/\",\"url\":\"https:\/\/westfalia-mobil.com\/wp-content\/uploads\/2024\/06\/logo-westfalia-carre.png\",\"contentUrl\":\"https:\/\/westfalia-mobil.com\/wp-content\/uploads\/2024\/06\/logo-westfalia-carre.png\",\"width\":224,\"height\":224,\"caption\":\"Westfalia\"},\"image\":{\"@id\":\"https:\/\/westfalia-mobil.com\/de\/#\/schema\/logo\/image\/\"},\"sameAs\":[\"https:\/\/www.facebook.com\/westfaliafrance\/\",\"https:\/\/www.instagram.com\/westfaliafr\/\"]}]}<\/script>\n<!-- \/ Yoast SEO plugin. -->","yoast_head_json":{"title":"Impressum - Informationen zu Gewichten - Westfalia, der historische Entwickler des Premium CamperVans und Kastenwagen","robots":{"index":"index","follow":"follow","max-snippet":"max-snippet:-1","max-image-preview":"max-image-preview:large","max-video-preview":"max-video-preview:-1"},"canonical":"https:\/\/westfalia-mobil.com\/de\/impressum-informationen-zu-gewichten\/","og_locale":"de_DE","og_type":"article","og_title":"Impressum - Informationen zu Gewichten - Westfalia, der historische Entwickler des Premium CamperVans und Kastenwagen","og_url":"https:\/\/westfalia-mobil.com\/de\/impressum-informationen-zu-gewichten\/","og_site_name":"Westfalia, der historische Entwickler des Premium CamperVans und Kastenwagen","article_publisher":"https:\/\/www.facebook.com\/westfaliafrance\/","article_modified_time":"2025-11-26T16:15:58+00:00","twitter_card":"summary_large_image","twitter_misc":{"Gesch\u00e4tzte Lesezeit":"6\u00a0Minuten"},"schema":{"@context":"https:\/\/schema.org","@graph":[{"@type":"WebPage","@id":"https:\/\/westfalia-mobil.com\/de\/impressum-informationen-zu-gewichten\/","url":"https:\/\/westfalia-mobil.com\/de\/impressum-informationen-zu-gewichten\/","name":"Impressum - Informationen zu Gewichten - Westfalia, der historische Entwickler des Premium CamperVans und Kastenwagen","isPartOf":{"@id":"https:\/\/westfalia-mobil.com\/de\/#website"},"datePublished":"2025-11-26T15:54:21+00:00","dateModified":"2025-11-26T16:15:58+00:00","breadcrumb":{"@id":"https:\/\/westfalia-mobil.com\/de\/impressum-informationen-zu-gewichten\/#breadcrumb"},"inLanguage":"de","potentialAction":[{"@type":"ReadAction","target":["https:\/\/westfalia-mobil.com\/de\/impressum-informationen-zu-gewichten\/"]}]},{"@type":"BreadcrumbList","@id":"https:\/\/westfalia-mobil.com\/de\/impressum-informationen-zu-gewichten\/#breadcrumb","itemListElement":[{"@type":"ListItem","position":1,"name":"Accueil","item":"https:\/\/westfalia-mobil.com\/de\/"},{"@type":"ListItem","position":2,"name":"Impressum &#8211; Informationen zu Gewichten"}]},{"@type":"WebSite","@id":"https:\/\/westfalia-mobil.com\/de\/#website","url":"https:\/\/westfalia-mobil.com\/de\/","name":"Westfalia, le concepteur historique du van et fourgon am\u00e9nag\u00e9 haut de gamme","description":"","publisher":{"@id":"https:\/\/westfalia-mobil.com\/de\/#organization"},"potentialAction":[{"@type":"SearchAction","target":{"@type":"EntryPoint","urlTemplate":"https:\/\/westfalia-mobil.com\/de\/?s={search_term_string}"},"query-input":{"@type":"PropertyValueSpecification","valueRequired":true,"valueName":"search_term_string"}}],"inLanguage":"de"},{"@type":"Organization","@id":"https:\/\/westfalia-mobil.com\/de\/#organization","name":"Westfalia","url":"https:\/\/westfalia-mobil.com\/de\/","logo":{"@type":"ImageObject","inLanguage":"de","@id":"https:\/\/westfalia-mobil.com\/de\/#\/schema\/logo\/image\/","url":"https:\/\/westfalia-mobil.com\/wp-content\/uploads\/2024\/06\/logo-westfalia-carre.png","contentUrl":"https:\/\/westfalia-mobil.com\/wp-content\/uploads\/2024\/06\/logo-westfalia-carre.png","width":224,"height":224,"caption":"Westfalia"},"image":{"@id":"https:\/\/westfalia-mobil.com\/de\/#\/schema\/logo\/image\/"},"sameAs":["https:\/\/www.facebook.com\/westfaliafrance\/","https:\/\/www.instagram.com\/westfaliafr\/"]}]}},"_links":{"self":[{"href":"https:\/\/westfalia-mobil.com\/de\/wp-json\/wp\/v2\/pages\/13966","targetHints":{"allow":["GET"]}}],"collection":[{"href":"https:\/\/westfalia-mobil.com\/de\/wp-json\/wp\/v2\/pages"}],"about":[{"href":"https:\/\/westfalia-mobil.com\/de\/wp-json\/wp\/v2\/types\/page"}],"author":[{"embeddable":true,"href":"https:\/\/westfalia-mobil.com\/de\/wp-json\/wp\/v2\/users\/1"}],"replies":[{"embeddable":true,"href":"https:\/\/westfalia-mobil.com\/de\/wp-json\/wp\/v2\/comments?post=13966"}],"version-history":[{"count":1,"href":"https:\/\/westfalia-mobil.com\/de\/wp-json\/wp\/v2\/pages\/13966\/revisions"}],"predecessor-version":[{"id":13967,"href":"https:\/\/westfalia-mobil.com\/de\/wp-json\/wp\/v2\/pages\/13966\/revisions\/13967"}],"wp:attachment":[{"href":"https:\/\/westfalia-mobil.com\/de\/wp-json\/wp\/v2\/media?parent=13966"}],"curies":[{"name":"wp","href":"https:\/\/api.w.org\/{rel}","templated":true}]}}